{"id":17,"date":"2015-06-27T16:25:34","date_gmt":"2015-06-27T14:25:34","guid":{"rendered":"http:\/\/lamoretina.dev\/?page_id=17"},"modified":"2015-07-30T10:57:33","modified_gmt":"2015-07-30T08:57:33","slug":"residenz-touristik-hotel-la-moretina","status":"publish","type":"page","link":"https:\/\/www.lamoretina.it\/de\/","title":{"rendered":"Residenz Touristik Hotel"},"content":{"rendered":"<h1>La Moretina<\/h1>\n<p><strong>Ein \u00fcberraschender Urlaub in einer Wohnung im Herz der Val di Sole.<\/strong><\/p>\n<p>Gem\u00fctlichkeit, Entspannung, Freiheit und Unabh\u00e4ngigkeit werden die wichtigsten Zutaten sein, um Ihr Urlaub in den Bergen und in der W\u00e4rme unserer Menschen unvergesslich und erstaunlich zu machen.<\/p>\n","protected":false},"excerpt":{"rendered":"<p>La Moretina Ein \u00fcberraschender Urlaub in einer Wohnung im Herz der Val di Sole. Gem\u00fctlichkeit, Entspannung, Freiheit und Unabh\u00e4ngigkeit werden die wichtigsten Zutaten sein, um Ihr Urlaub in den Bergen und in der W\u00e4rme unserer Menschen unvergesslich und erstaunlich zu machen.<\/p>\n","protected":false},"author":3,"featured_media":0,"parent":0,"menu_order":0,"comment_status":"open","ping_status":"open","template":"template-homepage.php","meta":[],"_links":{"self":[{"href":"https:\/\/www.lamoretina.it\/de\/wp-json\/wp\/v2\/pages\/17\/"}],"collection":[{"href":"https:\/\/www.lamoretina.it\/de\/wp-json\/wp\/v2\/pages\/"}],"about":[{"href":"https:\/\/www.lamoretina.it\/de\/wp-json\/wp\/v2\/types\/page\/"}],"author":[{"embeddable":true,"href":"https:\/\/www.lamoretina.it\/de\/wp-json\/wp\/v2\/users\/3\/"}],"replies":[{"embeddable":true,"href":"https:\/\/www.lamoretina.it\/de\/wp-json\/wp\/v2\/comments\/?post=17"}],"version-history":[{"count":0,"href":"https:\/\/www.lamoretina.it\/de\/wp-json\/wp\/v2\/pages\/17\/revisions\/"}],"wp:attachment":[{"href":"https:\/\/www.lamoretina.it\/de\/wp-json\/wp\/v2\/media\/?parent=17"}],"curies":[{"name":"wp","href":"https:\/\/api.w.org\/{rel}","templated":true}]}}