{"id":234,"date":"2015-07-24T14:10:11","date_gmt":"2015-07-24T12:10:11","guid":{"rendered":"http:\/\/lamoretina.articalab.com\/?page_id=234"},"modified":"2017-04-25T10:17:08","modified_gmt":"2017-04-25T08:17:08","slug":"sommer-preisliste","status":"publish","type":"page","link":"https:\/\/www.lamoretina.it\/de\/preiseliste\/sommer-preisliste\/","title":{"rendered":"Sommer Preisliste 2017"},"content":{"rendered":"\n<table id=\"tablepress-4\" class=\"tablepress tablepress-id-4\">\n<thead>\n<tr class=\"row-1\">\n\t<th class=\"column-1\">ZEIT<\/th><th class=\"column-2\">BILO 2\/3 PAX<\/th><th class=\"column-3\">BILO 4 PAX<\/th><th class=\"column-4\">TRILO 4 PAX<\/th><th class=\"column-5\">TRILO 5\/6 PAX<\/th>\n<\/tr>\n<\/thead>\n<tbody>\n<tr class=\"row-2\">\n\t<td class=\"column-1\">08.04-27.05.2017<\/td><td class=\"column-2\">\u20ac 390,00<\/td><td class=\"column-3\">\u20ac 450,00<\/td><td class=\"column-4\">\u20ac 510,00<\/td><td class=\"column-5\">\u20ac 590,00<\/td>\n<\/tr>\n<tr class=\"row-3\">\n\t<td class=\"column-1\">27.05-24.06.2017<\/td><td class=\"column-2\">\u20ac 410,00<\/td><td class=\"column-3\">\u20ac 470,00<\/td><td class=\"column-4\">\u20ac 530,00<\/td><td class=\"column-5\">\u20ac 610,00<\/td>\n<\/tr>\n<tr class=\"row-4\">\n\t<td class=\"column-1\">24.06-08.07.2017<\/td><td class=\"column-2\">\u20ac 450,00<\/td><td class=\"column-3\">\u20ac 530,00<\/td><td class=\"column-4\">\u20ac 610,00<\/td><td class=\"column-5\">\u20ac 680,00<\/td>\n<\/tr>\n<tr class=\"row-5\">\n\t<td class=\"column-1\">08.07 - 22.07.2017<\/td><td class=\"column-2\">\u20ac 580,00<\/td><td class=\"column-3\">\u20ac 650,00<\/td><td class=\"column-4\">\u20ac 720,00<\/td><td class=\"column-5\">\u20ac 750,00<\/td>\n<\/tr>\n<tr class=\"row-6\">\n\t<td class=\"column-1\">22.07 - 29.07.2017<\/td><td class=\"column-2\">\u20ac 580,00<\/td><td class=\"column-3\">\u20ac 650,00<\/td><td class=\"column-4\">\u20ac 720,00<\/td><td class=\"column-5\">\u20ac 750,00<\/td>\n<\/tr>\n<tr class=\"row-7\">\n\t<td class=\"column-1\">29.07 - 05.08.2017<\/td><td class=\"column-2\">\u20ac 650,00<\/td><td class=\"column-3\">\u20ac 760,00<\/td><td class=\"column-4\">\u20ac 850,00<\/td><td class=\"column-5\">\u20ac 890,00<\/td>\n<\/tr>\n<tr class=\"row-8\">\n\t<td class=\"column-1\">05.08 - 19.08.2017<\/td><td class=\"column-2\">\u20ac 680,00<\/td><td class=\"column-3\">\u20ac 810,00\t<\/td><td class=\"column-4\">\u20ac 890,00<\/td><td class=\"column-5\">\u20ac 1020,00<\/td>\n<\/tr>\n<tr class=\"row-9\">\n\t<td class=\"column-1\">19.08 - 26.08.2017<\/td><td class=\"column-2\">\u20ac 700,00<\/td><td class=\"column-3\">\u20ac 830,00<\/td><td class=\"column-4\">\u20ac 920,00<\/td><td class=\"column-5\">\u20ac1100,00<\/td>\n<\/tr>\n<tr class=\"row-10\">\n\t<td class=\"column-1\">26.08 - 02.09.2017<\/td><td class=\"column-2\">\u20ac 550,00<\/td><td class=\"column-3\">\u20ac 630,00<\/td><td class=\"column-4\">\u20ac 720,00<\/td><td class=\"column-5\">\u20ac 750,00<\/td>\n<\/tr>\n<tr class=\"row-11\">\n\t<td class=\"column-1\">02.09 - 09.09.2017<\/td><td class=\"column-2\">\u20ac 420,00<\/td><td class=\"column-3\">\u20ac 530,00<\/td><td class=\"column-4\">\u20ac 590,00<\/td><td class=\"column-5\">\u20ac 680,00<\/td>\n<\/tr>\n<tr class=\"row-12\">\n\t<td class=\"column-1\">09.09-30.09<\/td><td class=\"column-2\">\u20ac390,00<\/td><td class=\"column-3\">\u20ac480,00<\/td><td class=\"column-4\">\u20ac520,00<\/td><td class=\"column-5\">\u20ac570.00<\/td>\n<\/tr>\n<tr class=\"row-13\">\n\t<td class=\"column-1\">01.10 - fine stagione<\/td><td class=\"column-2\">\u20ac 390,00<\/td><td class=\"column-3\">\u20ac 430,00<\/td><td class=\"column-4\">\u20ac 500,00<\/td><td class=\"column-5\">\u20ac 530,00<\/td>\n<\/tr>\n<\/tbody>\n<\/table>\n\n<p>&nbsp;<\/p>\n<p align=\"left\"><span style=\"font-family: Verdana; font-size: small;\"><span style=\"color: #586027;\"><strong>Die Preise beinhalten:<\/strong> der Verbrauch von Strom, Heizung, Kalt-und Warmwasser, K\u00fcche W\u00e4sche, Bettw\u00e4sche und Handt\u00fccher ver\u00e4ndert Wochenmitte, t\u00e4gliche Reinigung des Schlaf-und Badezimmer,Bike depot und das Parkhaus, <\/span><\/span><\/p>\n<p><strong>Nicht im Preis enthalten:<\/strong> Trentino Guest Card, Kurtaxe<\/p>\n<p align=\"left\"><span style=\"font-family: Verdana; font-size: small;\"><span style=\"color: #586027;\"><br \/>\nEndereinigung: Euro 40,00 f\u00fcr BILOCALE, Euro 45,00 f\u00fcr TRILOCALE.<\/span><\/span><\/p>\n<p>Die Kunden m\u00fcssen saubere K\u00fcche und Geschirr lassen, der M\u00fcll m\u00fcss in die bestimmte M\u00fclltonne werfen sein.<br \/>\nF\u00fcr Keine Endereinigung Euro 45,00 im Rechnung ankreiden.<br \/>\nKleine Haustiere \u20ac40,00 bei der Anmeldung angeben.<br \/>\nWohnung- Delivery nach 14:00 Uhr &#8211; Check out Zeit 09:30<\/p>\n","protected":false},"excerpt":{"rendered":"<p>&nbsp; Die Preise beinhalten: der Verbrauch von Strom, Heizung, Kalt-und Warmwasser, K\u00fcche W\u00e4sche, Bettw\u00e4sche und Handt\u00fccher ver\u00e4ndert Wochenmitte, t\u00e4gliche Reinigung des Schlaf-und Badezimmer,Bike depot und das Parkhaus, Nicht im Preis enthalten: Trentino Guest Card, Kurtaxe Endereinigung: Euro 40,00 f\u00fcr BILOCALE, Euro 45,00 f\u00fcr TRILOCALE. Die Kunden m\u00fcssen saubere K\u00fcche und Geschirr lassen, der M\u00fcll m\u00fcss [&hellip;]<\/p>\n","protected":false},"author":2,"featured_media":0,"parent":278,"menu_order":0,"comment_status":"open","ping_status":"open","template":"template-prices.php","meta":[],"_links":{"self":[{"href":"https:\/\/www.lamoretina.it\/de\/wp-json\/wp\/v2\/pages\/234\/"}],"collection":[{"href":"https:\/\/www.lamoretina.it\/de\/wp-json\/wp\/v2\/pages\/"}],"about":[{"href":"https:\/\/www.lamoretina.it\/de\/wp-json\/wp\/v2\/types\/page\/"}],"author":[{"embeddable":true,"href":"https:\/\/www.lamoretina.it\/de\/wp-json\/wp\/v2\/users\/2\/"}],"replies":[{"embeddable":true,"href":"https:\/\/www.lamoretina.it\/de\/wp-json\/wp\/v2\/comments\/?post=234"}],"version-history":[{"count":0,"href":"https:\/\/www.lamoretina.it\/de\/wp-json\/wp\/v2\/pages\/234\/revisions\/"}],"up":[{"embeddable":true,"href":"https:\/\/www.lamoretina.it\/de\/wp-json\/wp\/v2\/pages\/278\/"}],"wp:attachment":[{"href":"https:\/\/www.lamoretina.it\/de\/wp-json\/wp\/v2\/media\/?parent=234"}],"curies":[{"name":"wp","href":"https:\/\/api.w.org\/{rel}","templated":true}]}}