{"id":251,"date":"2015-07-28T11:41:45","date_gmt":"2015-07-28T09:41:45","guid":{"rendered":"http:\/\/lamoretina.articalab.com\/?page_id=251"},"modified":"2015-07-30T09:50:02","modified_gmt":"2015-07-30T07:50:02","slug":"italy-trentino-wohnungen","status":"publish","type":"page","link":"https:\/\/www.lamoretina.it\/de\/italy-trentino-wohnungen\/","title":{"rendered":"Die Wohnungen"},"content":{"rendered":"<h2>Trentino Italy Wohnungen &#8222;La Moretina&#8220; Mehr als man sich vorstellen kann&#8230;<\/h2>\n<p>der richtige Ort um die Freiheit des Urlaubs zu genie\u00dfen und sich zu entspannen.<\/p>\n<p>Die Struktur besteht aus 11 Wohnungen, Bilocale (die K\u00fcche, die Badezimmer und eine Schlafzimmer mit 2-4 Betts) und Trilocale (die K\u00fcche, zwei Badezimmern und zwei Schafzimmern).<\/p>\n","protected":false},"excerpt":{"rendered":"<p>Trentino Italy Wohnungen &#8222;La Moretina&#8220; Mehr als man sich vorstellen kann&#8230; der richtige Ort um die Freiheit des Urlaubs zu genie\u00dfen und sich zu entspannen. Die Struktur besteht aus 11 Wohnungen, Bilocale (die K\u00fcche, die Badezimmer und eine Schlafzimmer mit 2-4 Betts) und Trilocale (die K\u00fcche, zwei Badezimmern und zwei Schafzimmern).<\/p>\n","protected":false},"author":2,"featured_media":0,"parent":0,"menu_order":0,"comment_status":"open","ping_status":"open","template":"template-apartments.php","meta":[],"_links":{"self":[{"href":"https:\/\/www.lamoretina.it\/de\/wp-json\/wp\/v2\/pages\/251\/"}],"collection":[{"href":"https:\/\/www.lamoretina.it\/de\/wp-json\/wp\/v2\/pages\/"}],"about":[{"href":"https:\/\/www.lamoretina.it\/de\/wp-json\/wp\/v2\/types\/page\/"}],"author":[{"embeddable":true,"href":"https:\/\/www.lamoretina.it\/de\/wp-json\/wp\/v2\/users\/2\/"}],"replies":[{"embeddable":true,"href":"https:\/\/www.lamoretina.it\/de\/wp-json\/wp\/v2\/comments\/?post=251"}],"version-history":[{"count":0,"href":"https:\/\/www.lamoretina.it\/de\/wp-json\/wp\/v2\/pages\/251\/revisions\/"}],"wp:attachment":[{"href":"https:\/\/www.lamoretina.it\/de\/wp-json\/wp\/v2\/media\/?parent=251"}],"curies":[{"name":"wp","href":"https:\/\/api.w.org\/{rel}","templated":true}]}}